{"id":5904,"date":"2022-06-08T16:56:28","date_gmt":"2022-06-08T14:56:28","guid":{"rendered":"https:\/\/www.grupodegusplus.com\/rechtliche-warnung\/"},"modified":"2024-05-29T13:29:11","modified_gmt":"2024-05-29T11:29:11","slug":"rechtliche-warnung","status":"publish","type":"page","link":"https:\/\/www.grupodegusplus.com\/de\/rechtliche-warnung\/","title":{"rendered":"Rechtliche Warnung"},"content":{"rendered":"\t\t<div data-elementor-type=\"wp-page\" data-elementor-id=\"5904\" class=\"elementor elementor-5904 elementor-1598\" data-elementor-post-type=\"page\">\n\t\t\t\t\t\t<section class=\"elementor-section elementor-top-section elementor-element elementor-element-ed4ab6f elementor-section-boxed elementor-section-height-default elementor-section-height-default\" data-id=\"ed4ab6f\" data-element_type=\"section\">\n\t\t\t\t\t\t<div class=\"elementor-container elementor-column-gap-default\">\n\t\t\t\t\t<div class=\"elementor-column elementor-col-100 elementor-top-column elementor-element elementor-element-2a0bfca\" data-id=\"2a0bfca\" data-element_type=\"column\">\n\t\t\t<div class=\"elementor-widget-wrap elementor-element-populated\">\n\t\t\t\t\t\t<div class=\"elementor-element elementor-element-2b15705 elementor-widget elementor-widget-heading\" data-id=\"2b15705\" data-element_type=\"widget\" data-widget_type=\"heading.default\">\n\t\t\t\t<div class=\"elementor-widget-container\">\n\t\t\t<style>\/*! elementor - v3.19.0 - 07-02-2024 *\/\n.elementor-heading-title{padding:0;margin:0;line-height:1}.elementor-widget-heading .elementor-heading-title[class*=elementor-size-]>a{color:inherit;font-size:inherit;line-height:inherit}.elementor-widget-heading .elementor-heading-title.elementor-size-small{font-size:15px}.elementor-widget-heading .elementor-heading-title.elementor-size-medium{font-size:19px}.elementor-widget-heading .elementor-heading-title.elementor-size-large{font-size:29px}.elementor-widget-heading .elementor-heading-title.elementor-size-xl{font-size:39px}.elementor-widget-heading .elementor-heading-title.elementor-size-xxl{font-size:59px}<\/style><h2 class=\"elementor-heading-title elementor-size-default\">GESETZ DER DIENSTLEISTUNGEN DER INFORMATIONSGESELLSCHAFT (LSSI)<\/h2>\t\t<\/div>\n\t\t\t\t<\/div>\n\t\t\t\t\t<\/div>\n\t\t<\/div>\n\t\t\t\t\t<\/div>\n\t\t<\/section>\n\t\t\t\t<section class=\"elementor-section elementor-top-section elementor-element elementor-element-ed47ef7 elementor-section-boxed elementor-section-height-default elementor-section-height-default\" data-id=\"ed47ef7\" data-element_type=\"section\">\n\t\t\t\t\t\t<div class=\"elementor-container elementor-column-gap-default\">\n\t\t\t\t\t<div class=\"elementor-column elementor-col-100 elementor-top-column elementor-element elementor-element-0c9a308\" data-id=\"0c9a308\" data-element_type=\"column\">\n\t\t\t<div class=\"elementor-widget-wrap elementor-element-populated\">\n\t\t\t\t\t\t<div class=\"elementor-element elementor-element-d4b05a8 elementor-widget elementor-widget-text-editor\" data-id=\"d4b05a8\" data-element_type=\"widget\" data-widget_type=\"text-editor.default\">\n\t\t\t\t<div class=\"elementor-widget-container\">\n\t\t\t<style>\/*! elementor - v3.19.0 - 07-02-2024 *\/\n.elementor-widget-text-editor.elementor-drop-cap-view-stacked .elementor-drop-cap{background-color:#69727d;color:#fff}.elementor-widget-text-editor.elementor-drop-cap-view-framed .elementor-drop-cap{color:#69727d;border:3px solid;background-color:transparent}.elementor-widget-text-editor:not(.elementor-drop-cap-view-default) .elementor-drop-cap{margin-top:8px}.elementor-widget-text-editor:not(.elementor-drop-cap-view-default) .elementor-drop-cap-letter{width:1em;height:1em}.elementor-widget-text-editor .elementor-drop-cap{float:left;text-align:center;line-height:1;font-size:50px}.elementor-widget-text-editor .elementor-drop-cap-letter{display:inline-block}<\/style>\t\t\t\t<p>GRUPO DEGUSPLUS SL, verantwortlich f\u00fcr die Website, im Folgenden VERANTWORTLICH genannt, stellt den Benutzern dieses Dokument zur Verf\u00fcgung, mit dem sie den im Gesetz 34\/2002 vom 11. Juli \u00fcber Unternehmensdienstleistungen im Bereich Information und elektronischen Handel (LSSICE) festgelegten Verpflichtungen nachkommen will ), BOE Nr. 166, sowie die Information aller Nutzer der Website \u00fcber die Nutzungsbedingungen.<\/p>\n<p>Jede Person, die auf diese Website zugreift, \u00fcbernimmt die Rolle des Benutzers und verpflichtet sich zur strikten Einhaltung und Einhaltung der hierin dargelegten Bestimmungen sowie aller anderen m\u00f6glicherweise anwendbaren gesetzlichen Bestimmungen. GRUPO DEGUSPLUS SL beh\u00e4lt sich das Recht vor, jegliche Art von Informationen, die auf der Website erscheinen, zu \u00e4ndern, ohne dass eine Verpflichtung besteht, die Benutzer \u00fcber diese Verpflichtungen zu informieren, wobei die Ver\u00f6ffentlichung auf der Website von GRUPO DEGUSPLUS SL als ausreichend angesehen wird.<\/p>\n<p>1. IDENTIFIZIERUNGSDATEN<\/p>\n<p>Domainname: degusplus.com<br \/>\nHandelsname: Degusplus-Gruppe<br \/>\nFirmenname: DEGUSPLUS SL<br \/>\nNIF: B64649262<br \/>\nEingetragener Sitz: Pz Real, 13 08002 Barcelona<br \/>\nTelefon: 934813975<br \/>\nE-Mail: rgpd@grupodegusplus.com<br \/>\nEingetragen im Register (kommerziell\/\u00f6ffentlich): Barcelona, \u200b\u200b\u200b\u200bBand: 36925 Folio: 103 Seite: B291900<\/p>\n<p>2. GEISTIGE UND GEWERBLICHE EIGENTUMSRECHTE<\/p>\n<p>Die Website, einschlie\u00dflich, aber nicht beschr\u00e4nkt auf ihre Programmierung, Bearbeitung, Zusammenstellung und andere f\u00fcr ihren Betrieb erforderliche Elemente, die Designs, Logos, Texte und\/oder Grafiken, sind Eigentum des VERANTWORTLICHEN oder verf\u00fcgen gegebenenfalls \u00fcber eine ausdr\u00fcckliche Lizenz oder Genehmigung von die Autoren. Alle Inhalte der Website sind ordnungsgem\u00e4\u00df durch die Vorschriften zum geistigen und gewerblichen Eigentum gesch\u00fctzt und in den entsprechenden \u00f6ffentlichen Registern eingetragen.<\/p>\n<p>Unabh\u00e4ngig vom Zweck, f\u00fcr den sie bestimmt waren, bedarf die vollst\u00e4ndige oder teilweise Vervielf\u00e4ltigung, Nutzung, Verwertung, Verbreitung und Vermarktung in jedem Fall der vorherigen schriftlichen Genehmigung des VERANTWORTLICHEN. Jede nicht zuvor genehmigte Nutzung gilt als schwerwiegende Verletzung der geistigen oder gewerblichen Eigentumsrechte des Autors.<\/p>\n<p>Die Designs, Logos, Texte und\/oder Grafiken, die nicht der VERANTWORTLICHE sind und auf der Website erscheinen k\u00f6nnen, geh\u00f6ren ihren jeweiligen Eigent\u00fcmern und sie sind selbst f\u00fcr etwaige Kontroversen verantwortlich, die in Bezug auf sie entstehen k\u00f6nnen. Der VERANTWORTLICHE erm\u00e4chtigt Dritte ausdr\u00fccklich, direkt auf die spezifischen Inhalte der Website umzuleiten und in jedem Fall auf die Hauptwebsite von Grupodegusplus.com weiterzuleiten.<\/p>\n<p>Der VERANTWORTLICHE erkennt die entsprechenden geistigen und gewerblichen Eigentumsrechte zugunsten ihrer Eigent\u00fcmer an, und ihre blo\u00dfe Erw\u00e4hnung oder ihr Erscheinen auf der Website impliziert nicht das Bestehen von Rechten oder Verantwortung gegen\u00fcber ihnen, noch impliziert dies eine Billigung, F\u00f6rderung oder Empfehlung durch ihn . .<\/p>\n<p>Um etwaige Verst\u00f6\u00dfe gegen geistige oder gewerbliche Eigentumsrechte sowie Inhalte der Website jeglicher Art zu bemerken, k\u00f6nnen Sie dies per E-Mail an rgpd@grupodegusplus.com tun.<\/p>\n<p>3. HAFTUNGSAUSSCHLUSS<\/p>\n<p>Der VERANTWORTLICHE ist von jeglicher Verantwortung befreit, die sich aus den auf seiner Website ver\u00f6ffentlichten Informationen ergibt, wenn diese Informationen von Dritten, die nichts mit ihm zu tun haben, manipuliert oder eingef\u00fchrt wurden.<\/p>\n<p>Verwendung von Cookies<\/p>\n<p>Diese Website kann technische Cookies (kleine Informationsdateien, die der Server an den Computer der Person sendet, die auf die Seite zugreift) verwenden, um bestimmte Funktionen auszuf\u00fchren, die f\u00fcr das ordnungsgem\u00e4\u00dfe Funktionieren und die Anzeige der Website als wesentlich erachtet werden. Die verwendeten Cookies sind in jedem Fall vor\u00fcbergehender Natur und dienen ausschlie\u00dflich dazu, die Navigation effizienter zu gestalten. Sie verschwinden, wenn die Sitzung des Benutzers endet. Unter keinen Umst\u00e4nden stellen diese Cookies selbst personenbezogene Daten bereit und werden nicht zu deren Erhebung verwendet.<\/p>\n<p>Durch die Verwendung von Cookies ist es dem Server, auf dem sich die Website befindet, auch m\u00f6glich, den vom Benutzer verwendeten Browser zu erkennen, um die Navigation zu erleichtern und beispielsweise Benutzern den Zugriff zu erm\u00f6glichen, die sich zuvor f\u00fcr die Bereiche und Dienste registriert haben , Werbeaktionen oder Wettbewerbe, die ausschlie\u00dflich ihnen vorbehalten sind, ohne dass Sie sich f\u00fcr jeden Besuch registrieren m\u00fcssen. Sie k\u00f6nnen auch zur Messung des Publikums, von Verkehrsparametern, zur Steuerung des Fortschritts und der Anzahl der Eintr\u00e4ge usw. verwendet werden. In diesen F\u00e4llen sind Cookies zwar technisch entbehrlich, aber f\u00fcr den Benutzer von Vorteil. Ohne die vorherige Zustimmung des Nutzers werden auf dieser Website keine entbehrlichen Cookies installiert.<\/p>\n<p>Der Benutzer hat die M\u00f6glichkeit, seinen Browser so zu konfigurieren, dass er beim Empfang von Cookies benachrichtigt wird und deren Installation auf seinem Computer verhindert.<\/p>\n<p>Weitere Informationen finden Sie in der Anleitung Ihres Browsers.<\/p>\n<p>Linkrichtlinie<\/p>\n<p>Von der Website aus werden Sie m\u00f6glicherweise zu Inhalten auf Websites Dritter weitergeleitet. Da der VERANTWORTLICHE die von Dritten auf ihren jeweiligen Websites eingestellten Inhalte nicht immer kontrollieren kann, \u00fcbernimmt er keinerlei Verantwortung f\u00fcr diese Inhalte. In jedem Fall wird es die sofortige Entfernung aller Inhalte veranlassen, die gegen nationale oder internationale Gesetze, die guten Sitten oder die \u00f6ffentliche Ordnung versto\u00dfen k\u00f6nnten, sowie die sofortige Entfernung der Weiterleitung auf die besagte Website und die \u00dcbermittlung der Inhalte an die zust\u00e4ndigen Beh\u00f6rden. fraglich.<\/p>\n<p>Der VERANTWORTLICHE ist nicht verantwortlich f\u00fcr die Informationen und Inhalte, die beispielsweise, aber nicht beschr\u00e4nkt auf, in Foren, Chats, Blog-Generatoren, Kommentaren, sozialen Netzwerken oder anderen Mitteln gespeichert werden, die es Dritten erm\u00f6glichen, Inhalte unabh\u00e4ngig auf der Seite zu ver\u00f6ffentlichen. Website des VERANTWORTLICHEN. Allerdings wird es in \u00dcbereinstimmung mit den Bestimmungen der Artikel 11 und 16 des LSSICE allen Benutzern, Beh\u00f6rden und Sicherheitskr\u00e4ften zur Verf\u00fcgung gestellt, die aktiv an der Entfernung oder gegebenenfalls Sperrung aller Inhalte mitwirken, die Auswirkungen haben oder gegen die Inhalte versto\u00dfen k\u00f6nnten nationale oder internationale Gesetzgebung, die Rechte Dritter oder die guten Sitten und die \u00f6ffentliche Ordnung.<\/p>\n<p>Wenn der Benutzer der Meinung ist, dass es Inhalte auf der Website gibt, die f\u00fcr diese Klassifizierung anf\u00e4llig sein k\u00f6nnten, benachrichtigen Sie bitte umgehend den Website-Administrator.<br \/>\nDiese Website wurde \u00fcberpr\u00fcft und auf korrekte Funktion getestet. Grunds\u00e4tzlich kann der ordnungsgem\u00e4\u00dfe Betrieb 365 Tage im Jahr und 24 Stunden am Tag gew\u00e4hrleistet werden. Der VERANTWORTLICHE schlie\u00dft jedoch nicht aus, dass bestimmte Programmierfehler vorliegen oder dass h\u00f6here Gewalt, Naturkatastrophen, Streiks oder \u00e4hnliche Umst\u00e4nde eintreten, die den Zugriff auf die Website unm\u00f6glich machen.<\/p>\n<p>IP-Adressen<br \/>\nDie Website-Server erkennen m\u00f6glicherweise automatisch die vom Benutzer verwendete IP-Adresse und den Dom\u00e4nennamen. Eine IP-Adresse ist eine Nummer, die einem Computer automatisch zugewiesen wird, wenn er eine Verbindung zum Internet herstellt. Alle diese Informationen werden in einer ordnungsgem\u00e4\u00df registrierten Serveraktivit\u00e4tsdatei aufgezeichnet, die die anschlie\u00dfende Verarbeitung der Daten erm\u00f6glicht, um nur statistische Messungen zu erhalten, die es erm\u00f6glichen, die Anzahl der Seitenaufrufe, die Anzahl der Besuche auf den Webservern und die Reihenfolge der Besuche zu ermitteln , der Zugangspunkt usw.<\/p>\n<p>4. ANWENDBARES RECHT UND GERICHTSSTAND<\/p>\n<p>Im Falle einer Streitigkeit oder eines Konflikts bei der Auslegung der in den Rechtstexten enthaltenen Bedingungen sowie aller Fragen im Zusammenhang mit den Diensten dieser Website gilt spanisches Recht.<\/p>\n<p>Letzte Aktualisierung: 10.03.2020<\/p>\n\t\t\t\t\t\t<\/div>\n\t\t\t\t<\/div>\n\t\t\t\t\t<\/div>\n\t\t<\/div>\n\t\t\t\t\t<\/div>\n\t\t<\/section>\n\t\t\t\t<\/div>\n\t\t","protected":false},"excerpt":{"rendered":"<p>GESETZ DER DIENSTLEISTUNGEN DER INFORMATIONSGESELLSCHAFT (LSSI) GRUPO DEGUSPLUS SL, verantwortlich f\u00fcr die Website, im Folgenden VERANTWORTLICH genannt, stellt den Benutzern dieses Dokument zur Verf\u00fcgung, mit<span class=\"excerpt-hellip\"> [\u2026]<\/span><\/p>\n","protected":false},"author":1,"featured_media":0,"parent":0,"menu_order":0,"comment_status":"closed","ping_status":"closed","template":"","meta":{"inline_featured_image":false,"_vp_format_video_url":"","_vp_image_focal_point":[],"footnotes":"","_links_to":"","_links_to_target":""},"class_list":["post-5904","page","type-page","status-publish","hentry"],"yoast_head":"<!-- This site is optimized with the Yoast SEO plugin v27.0 - https:\/\/yoast.com\/product\/yoast-seo-wordpress\/ -->\n<title>Rechtliche Warnung - Grupo Degusplus<\/title>\n<meta name=\"robots\" content=\"noindex, nofollow\" \/>\n<meta property=\"og:locale\" content=\"de_DE\" \/>\n<meta property=\"og:type\" content=\"article\" \/>\n<meta property=\"og:title\" content=\"Rechtliche Warnung - Grupo Degusplus\" \/>\n<meta property=\"og:description\" content=\"GESETZ DER DIENSTLEISTUNGEN DER INFORMATIONSGESELLSCHAFT (LSSI) GRUPO DEGUSPLUS SL, verantwortlich f\u00fcr die Website, im Folgenden VERANTWORTLICH genannt, stellt den Benutzern dieses Dokument zur Verf\u00fcgung, mit [\u2026]\" \/>\n<meta property=\"og:url\" content=\"https:\/\/www.grupodegusplus.com\/aviso-legal\/\" \/>\n<meta property=\"og:site_name\" content=\"Grupo Degusplus\" \/>\n<meta property=\"article:modified_time\" content=\"2024-05-29T11:29:11+00:00\" \/>\n<meta name=\"twitter:card\" content=\"summary_large_image\" \/>\n<meta name=\"twitter:label1\" content=\"Gesch\u00e4tzte Lesezeit\" \/>\n\t<meta name=\"twitter:data1\" content=\"6\u00a0Minuten\" \/>\n<script type=\"application\/ld+json\" class=\"yoast-schema-graph\">{\"@context\":\"https:\/\/schema.org\",\"@graph\":[{\"@type\":\"WebPage\",\"@id\":\"https:\/\/www.grupodegusplus.com\/aviso-legal\/\",\"url\":\"https:\/\/www.grupodegusplus.com\/aviso-legal\/\",\"name\":\"Rechtliche Warnung - Grupo Degusplus\",\"isPartOf\":{\"@id\":\"https:\/\/www.grupodegusplus.com\/#website\"},\"datePublished\":\"2022-06-08T14:56:28+00:00\",\"dateModified\":\"2024-05-29T11:29:11+00:00\",\"breadcrumb\":{\"@id\":\"https:\/\/www.grupodegusplus.com\/aviso-legal\/#breadcrumb\"},\"inLanguage\":\"de\",\"potentialAction\":[{\"@type\":\"ReadAction\",\"target\":[\"https:\/\/www.grupodegusplus.com\/aviso-legal\/\"]}]},{\"@type\":\"BreadcrumbList\",\"@id\":\"https:\/\/www.grupodegusplus.com\/aviso-legal\/#breadcrumb\",\"itemListElement\":[{\"@type\":\"ListItem\",\"position\":1,\"name\":\"Portada\",\"item\":\"https:\/\/www.grupodegusplus.com\/\"},{\"@type\":\"ListItem\",\"position\":2,\"name\":\"Rechtliche Warnung\"}]},{\"@type\":\"WebSite\",\"@id\":\"https:\/\/www.grupodegusplus.com\/#website\",\"url\":\"https:\/\/www.grupodegusplus.com\/\",\"name\":\"Grupo Degusplus\",\"description\":\"Grupo de restaurantes\",\"publisher\":{\"@id\":\"https:\/\/www.grupodegusplus.com\/#organization\"},\"potentialAction\":[{\"@type\":\"SearchAction\",\"target\":{\"@type\":\"EntryPoint\",\"urlTemplate\":\"https:\/\/www.grupodegusplus.com\/?s={search_term_string}\"},\"query-input\":{\"@type\":\"PropertyValueSpecification\",\"valueRequired\":true,\"valueName\":\"search_term_string\"}}],\"inLanguage\":\"de\"},{\"@type\":\"Organization\",\"@id\":\"https:\/\/www.grupodegusplus.com\/#organization\",\"name\":\"Grupo Degusplus Sl\",\"url\":\"https:\/\/www.grupodegusplus.com\/\",\"logo\":{\"@type\":\"ImageObject\",\"inLanguage\":\"de\",\"@id\":\"https:\/\/www.grupodegusplus.com\/#\/schema\/logo\/image\/\",\"url\":\"https:\/\/www.grupodegusplus.com\/wp-content\/uploads\/2022\/05\/LOGO_EST_1994.svg\",\"contentUrl\":\"https:\/\/www.grupodegusplus.com\/wp-content\/uploads\/2022\/05\/LOGO_EST_1994.svg\",\"width\":253,\"height\":102,\"caption\":\"Grupo Degusplus Sl\"},\"image\":{\"@id\":\"https:\/\/www.grupodegusplus.com\/#\/schema\/logo\/image\/\"}}]}<\/script>\n<!-- \/ Yoast SEO plugin. -->","yoast_head_json":{"title":"Rechtliche Warnung - Grupo Degusplus","robots":{"index":"noindex","follow":"nofollow"},"og_locale":"de_DE","og_type":"article","og_title":"Rechtliche Warnung - Grupo Degusplus","og_description":"GESETZ DER DIENSTLEISTUNGEN DER INFORMATIONSGESELLSCHAFT (LSSI) GRUPO DEGUSPLUS SL, verantwortlich f\u00fcr die Website, im Folgenden VERANTWORTLICH genannt, stellt den Benutzern dieses Dokument zur Verf\u00fcgung, mit [\u2026]","og_url":"https:\/\/www.grupodegusplus.com\/aviso-legal\/","og_site_name":"Grupo Degusplus","article_modified_time":"2024-05-29T11:29:11+00:00","twitter_card":"summary_large_image","twitter_misc":{"Gesch\u00e4tzte Lesezeit":"6\u00a0Minuten"},"schema":{"@context":"https:\/\/schema.org","@graph":[{"@type":"WebPage","@id":"https:\/\/www.grupodegusplus.com\/aviso-legal\/","url":"https:\/\/www.grupodegusplus.com\/aviso-legal\/","name":"Rechtliche Warnung - Grupo Degusplus","isPartOf":{"@id":"https:\/\/www.grupodegusplus.com\/#website"},"datePublished":"2022-06-08T14:56:28+00:00","dateModified":"2024-05-29T11:29:11+00:00","breadcrumb":{"@id":"https:\/\/www.grupodegusplus.com\/aviso-legal\/#breadcrumb"},"inLanguage":"de","potentialAction":[{"@type":"ReadAction","target":["https:\/\/www.grupodegusplus.com\/aviso-legal\/"]}]},{"@type":"BreadcrumbList","@id":"https:\/\/www.grupodegusplus.com\/aviso-legal\/#breadcrumb","itemListElement":[{"@type":"ListItem","position":1,"name":"Portada","item":"https:\/\/www.grupodegusplus.com\/"},{"@type":"ListItem","position":2,"name":"Rechtliche Warnung"}]},{"@type":"WebSite","@id":"https:\/\/www.grupodegusplus.com\/#website","url":"https:\/\/www.grupodegusplus.com\/","name":"Grupo Degusplus","description":"Grupo de restaurantes","publisher":{"@id":"https:\/\/www.grupodegusplus.com\/#organization"},"potentialAction":[{"@type":"SearchAction","target":{"@type":"EntryPoint","urlTemplate":"https:\/\/www.grupodegusplus.com\/?s={search_term_string}"},"query-input":{"@type":"PropertyValueSpecification","valueRequired":true,"valueName":"search_term_string"}}],"inLanguage":"de"},{"@type":"Organization","@id":"https:\/\/www.grupodegusplus.com\/#organization","name":"Grupo Degusplus Sl","url":"https:\/\/www.grupodegusplus.com\/","logo":{"@type":"ImageObject","inLanguage":"de","@id":"https:\/\/www.grupodegusplus.com\/#\/schema\/logo\/image\/","url":"https:\/\/www.grupodegusplus.com\/wp-content\/uploads\/2022\/05\/LOGO_EST_1994.svg","contentUrl":"https:\/\/www.grupodegusplus.com\/wp-content\/uploads\/2022\/05\/LOGO_EST_1994.svg","width":253,"height":102,"caption":"Grupo Degusplus Sl"},"image":{"@id":"https:\/\/www.grupodegusplus.com\/#\/schema\/logo\/image\/"}}]}},"_links":{"self":[{"href":"https:\/\/www.grupodegusplus.com\/de\/wp-json\/wp\/v2\/pages\/5904","targetHints":{"allow":["GET"]}}],"collection":[{"href":"https:\/\/www.grupodegusplus.com\/de\/wp-json\/wp\/v2\/pages"}],"about":[{"href":"https:\/\/www.grupodegusplus.com\/de\/wp-json\/wp\/v2\/types\/page"}],"author":[{"embeddable":true,"href":"https:\/\/www.grupodegusplus.com\/de\/wp-json\/wp\/v2\/users\/1"}],"replies":[{"embeddable":true,"href":"https:\/\/www.grupodegusplus.com\/de\/wp-json\/wp\/v2\/comments?post=5904"}],"version-history":[{"count":1,"href":"https:\/\/www.grupodegusplus.com\/de\/wp-json\/wp\/v2\/pages\/5904\/revisions"}],"predecessor-version":[{"id":5905,"href":"https:\/\/www.grupodegusplus.com\/de\/wp-json\/wp\/v2\/pages\/5904\/revisions\/5905"}],"wp:attachment":[{"href":"https:\/\/www.grupodegusplus.com\/de\/wp-json\/wp\/v2\/media?parent=5904"}],"curies":[{"name":"wp","href":"https:\/\/api.w.org\/{rel}","templated":true}]}}