{"id":5900,"date":"2022-06-08T16:56:28","date_gmt":"2022-06-08T14:56:28","guid":{"rendered":"https:\/\/www.grupodegusplus.com\/avis-juridique\/"},"modified":"2024-05-29T13:27:05","modified_gmt":"2024-05-29T11:27:05","slug":"avis-juridique","status":"publish","type":"page","link":"https:\/\/www.grupodegusplus.com\/fr\/avis-juridique\/","title":{"rendered":"Avis juridique"},"content":{"rendered":"\t\t<div data-elementor-type=\"wp-page\" data-elementor-id=\"5900\" class=\"elementor elementor-5900 elementor-1598\" data-elementor-post-type=\"page\">\n\t\t\t\t\t\t<section class=\"elementor-section elementor-top-section elementor-element elementor-element-ed4ab6f elementor-section-boxed elementor-section-height-default elementor-section-height-default\" data-id=\"ed4ab6f\" data-element_type=\"section\">\n\t\t\t\t\t\t<div class=\"elementor-container elementor-column-gap-default\">\n\t\t\t\t\t<div class=\"elementor-column elementor-col-100 elementor-top-column elementor-element elementor-element-2a0bfca\" data-id=\"2a0bfca\" data-element_type=\"column\">\n\t\t\t<div class=\"elementor-widget-wrap elementor-element-populated\">\n\t\t\t\t\t\t<div class=\"elementor-element elementor-element-2b15705 elementor-widget elementor-widget-heading\" data-id=\"2b15705\" data-element_type=\"widget\" data-widget_type=\"heading.default\">\n\t\t\t\t<div class=\"elementor-widget-container\">\n\t\t\t<style>\/*! elementor - v3.19.0 - 07-02-2024 *\/\n.elementor-heading-title{padding:0;margin:0;line-height:1}.elementor-widget-heading .elementor-heading-title[class*=elementor-size-]>a{color:inherit;font-size:inherit;line-height:inherit}.elementor-widget-heading .elementor-heading-title.elementor-size-small{font-size:15px}.elementor-widget-heading .elementor-heading-title.elementor-size-medium{font-size:19px}.elementor-widget-heading .elementor-heading-title.elementor-size-large{font-size:29px}.elementor-widget-heading .elementor-heading-title.elementor-size-xl{font-size:39px}.elementor-widget-heading .elementor-heading-title.elementor-size-xxl{font-size:59px}<\/style><h2 class=\"elementor-heading-title elementor-size-default\">LOI SUR LES SERVICES DE LA SOCI\u00c9T\u00c9 DE L'INFORMATION (LSSI)<\/h2>\t\t<\/div>\n\t\t\t\t<\/div>\n\t\t\t\t\t<\/div>\n\t\t<\/div>\n\t\t\t\t\t<\/div>\n\t\t<\/section>\n\t\t\t\t<section class=\"elementor-section elementor-top-section elementor-element elementor-element-ed47ef7 elementor-section-boxed elementor-section-height-default elementor-section-height-default\" data-id=\"ed47ef7\" data-element_type=\"section\">\n\t\t\t\t\t\t<div class=\"elementor-container elementor-column-gap-default\">\n\t\t\t\t\t<div class=\"elementor-column elementor-col-100 elementor-top-column elementor-element elementor-element-0c9a308\" data-id=\"0c9a308\" data-element_type=\"column\">\n\t\t\t<div class=\"elementor-widget-wrap elementor-element-populated\">\n\t\t\t\t\t\t<div class=\"elementor-element elementor-element-d4b05a8 elementor-widget elementor-widget-text-editor\" data-id=\"d4b05a8\" data-element_type=\"widget\" data-widget_type=\"text-editor.default\">\n\t\t\t\t<div class=\"elementor-widget-container\">\n\t\t\t<style>\/*! elementor - v3.19.0 - 07-02-2024 *\/\n.elementor-widget-text-editor.elementor-drop-cap-view-stacked .elementor-drop-cap{background-color:#69727d;color:#fff}.elementor-widget-text-editor.elementor-drop-cap-view-framed .elementor-drop-cap{color:#69727d;border:3px solid;background-color:transparent}.elementor-widget-text-editor:not(.elementor-drop-cap-view-default) .elementor-drop-cap{margin-top:8px}.elementor-widget-text-editor:not(.elementor-drop-cap-view-default) .elementor-drop-cap-letter{width:1em;height:1em}.elementor-widget-text-editor .elementor-drop-cap{float:left;text-align:center;line-height:1;font-size:50px}.elementor-widget-text-editor .elementor-drop-cap-letter{display:inline-block}<\/style>\t\t\t\t<p>GRUPO DEGUSPLUS SL, responsable du site Web, ci-apr\u00e8s RESPONSABLE, met \u00e0 la disposition des utilisateurs ce document, avec lequel il entend respecter les obligations \u00e9nonc\u00e9es dans la loi 34\/2002 du 11 juillet sur les services d&rsquo;information et de commerce \u00e9lectronique des entreprises (LSSICE ), BOE n\u00b0 166, ainsi que d&rsquo;informer tous les utilisateurs du site Internet des conditions d&rsquo;utilisation.<\/p>\n<p>Toute personne qui acc\u00e8de \u00e0 ce site Web assume le r\u00f4le d&rsquo;utilisateur, s&rsquo;engageant au strict respect et au respect des dispositions contenues dans le pr\u00e9sent document, ainsi que de toute autre disposition l\u00e9gale applicable. GRUPO DEGUSPLUS SL se r\u00e9serve le droit de modifier tout type d&rsquo;informations pouvant appara\u00eetre sur le site Web, sans aucune obligation de notifier ou d&rsquo;informer les utilisateurs de ces obligations, la publication sur le site Web de GRUPO DEGUSPLUS SL \u00e9tant consid\u00e9r\u00e9e comme suffisante.<\/p>\n<p>1. DONN\u00c9ES D&rsquo;IDENTIFICATION<\/p>\n<p>Nom de domaine : degusplus.com<br \/>\nNom commercial : groupe degusplus<br \/>\nNom de l\u2019entreprise: DEGUSPLUS SL<br \/>\nNIF : B64649262<br \/>\nSi\u00e8ge social : Pz Real, 13 08002 Barcelone<br \/>\nT\u00e9l\u00e9phone\u00a0: 934813975<br \/>\ne-mail : rgpd@grupodegusplus.com<br \/>\nInscrit au Registre (Commercial \/ Public) : Barcelone, Volume : 36925 Folio : 103 Page : B291900<\/p>\n<p>2. DROITS DE PROPRI\u00c9T\u00c9 INTELLECTUELLE ET INDUSTRIELLE<\/p>\n<p>Le site Internet, y compris mais sans s&rsquo;y limiter, sa programmation, son \u00e9dition, sa compilation et autres \u00e9l\u00e9ments n\u00e9cessaires \u00e0 son fonctionnement, les designs, logos, textes et\/ou graphiques, sont la propri\u00e9t\u00e9 du RESPONSABLE ou, le cas \u00e9ch\u00e9ant, dispose d&rsquo;une licence ou autorisation expresse de les auteurs. Tous les contenus du site Web sont d\u00fbment prot\u00e9g\u00e9s par la r\u00e9glementation en mati\u00e8re de propri\u00e9t\u00e9 intellectuelle et industrielle, ainsi que enregistr\u00e9s dans les registres publics correspondants.<\/p>\n<p>Quelle que soit la finalit\u00e9 pour laquelle ils sont destin\u00e9s, la reproduction totale ou partielle, l&rsquo;utilisation, l&rsquo;exploitation, la distribution et la commercialisation n\u00e9cessitent dans tous les cas l&rsquo;autorisation \u00e9crite pr\u00e9alable du RESPONSABLE. Toute utilisation non pr\u00e9alablement autoris\u00e9e est consid\u00e9r\u00e9e comme une violation grave des droits de propri\u00e9t\u00e9 intellectuelle ou industrielle de l&rsquo;auteur.<\/p>\n<p>Les dessins, logos, textes et\/ou graphiques autres que ceux du RESPONSABLE et susceptibles d&rsquo;appara\u00eetre sur le site appartiennent \u00e0 leurs propri\u00e9taires respectifs, et ils sont eux-m\u00eames responsables de toute \u00e9ventuelle controverse qui pourrait surgir \u00e0 leur sujet. Le RESPONSABLE autorise express\u00e9ment les tiers \u00e0 rediriger directement vers les contenus sp\u00e9cifiques du site Internet, et en tout cas de rediriger vers le site Internet principal Grupodegusplus.com.<\/p>\n<p>Le RESPONSABLE reconna\u00eet les droits de propri\u00e9t\u00e9 intellectuelle et industrielle correspondants en faveur de leurs propri\u00e9taires, et leur simple mention ou apparition sur le site Web n&rsquo;implique pas l&rsquo;existence d&rsquo;un quelconque droit ou responsabilit\u00e9 \u00e0 leur \u00e9gard, ni n&rsquo;implique l&rsquo;approbation, le parrainage ou la recommandation de la part de celui-ci. .<\/p>\n<p>Pour faire tout type d&rsquo;observation concernant d&rsquo;\u00e9ventuelles violations des droits de propri\u00e9t\u00e9 intellectuelle ou industrielle, ainsi que sur tout contenu du site Web, vous pouvez le faire en envoyant un courrier \u00e9lectronique \u00e0 rgpd@grupodegusplus.com.<\/p>\n<p>3. EXCLUSION DE RESPONSABILIT\u00c9<\/p>\n<p>Le RESPONSABLE est exon\u00e9r\u00e9 de tout type de responsabilit\u00e9 d\u00e9riv\u00e9e des informations publi\u00e9es sur son site Web chaque fois que ces informations ont \u00e9t\u00e9 manipul\u00e9es ou introduites par un tiers qui ne lui est pas li\u00e9.<\/p>\n<p>Utilisation des cookies<\/p>\n<p>Ce site Web peut utiliser des cookies techniques (petits fichiers d&rsquo;informations que le serveur envoie \u00e0 l&rsquo;ordinateur de la personne acc\u00e9dant \u00e0 la page) pour r\u00e9aliser certaines fonctions consid\u00e9r\u00e9es comme essentielles au bon fonctionnement et \u00e0 l&rsquo;affichage du site. Les cookies utilis\u00e9s sont en tout cas de nature temporaire, dans le seul but de rendre la navigation plus efficace et disparaissent \u00e0 la fin de la session de l&rsquo;utilisateur. En aucun cas ces cookies ne fournissent \u00e0 eux seuls des donn\u00e9es personnelles et ne serviront pas \u00e0 les collecter.<\/p>\n<p>Gr\u00e2ce \u00e0 l&rsquo;utilisation de cookies, il est \u00e9galement possible que le serveur sur lequel se trouve le site Web reconnaisse le navigateur utilis\u00e9 par l&rsquo;utilisateur afin de faciliter la navigation, en permettant, par exemple, l&rsquo;acc\u00e8s aux utilisateurs pr\u00e9alablement inscrits aux zones, services. , promotions ou concours qui leur sont r\u00e9serv\u00e9s exclusivement sans avoir \u00e0 s&rsquo;inscrire \u00e0 chaque visite. Ils peuvent \u00e9galement \u00eatre utilis\u00e9s pour mesurer l&rsquo;audience, les param\u00e8tres de trafic, contr\u00f4ler la progression et le nombre d&rsquo;entr\u00e9es, etc., dans ces cas les cookies \u00e9tant techniquement superflus mais b\u00e9n\u00e9fiques pour l&rsquo;utilisateur. Ce site Web n&rsquo;installera pas de cookies inutiles sans le consentement pr\u00e9alable de l&rsquo;utilisateur.<\/p>\n<p>L&rsquo;utilisateur a la possibilit\u00e9 de configurer son navigateur pour \u00eatre alert\u00e9 de la r\u00e9ception de cookies et emp\u00eacher leur installation sur son ordinateur.<\/p>\n<p>Veuillez consulter les instructions de votre navigateur pour plus d&rsquo;informations.<\/p>\n<p>Politique de lien<\/p>\n<p>\u00c0 partir du site Web, vous pouvez \u00eatre redirig\u00e9 vers du contenu sur des sites Web tiers. \u00c9tant donn\u00e9 que le RESPONSABLE ne peut pas toujours contr\u00f4ler les contenus introduits par des tiers sur leurs sites Web respectifs, il n&rsquo;assume aucune responsabilit\u00e9 quant \u00e0 ces contenus. En todo caso, proceder\u00e1 a la retirada inmediata de cualquier contenido que pudiera contravenir la legislaci\u00f3n nacional o internacional, la moral o el orden p\u00fablico, procediendo a la retirada inmediata de la redirecci\u00f3n a dicho sitio web, poniendo en conocimiento de las autoridades competentes el contenido en question.<\/p>\n<p>Le RESPONSABLE n&rsquo;est pas responsable des informations et du contenu stock\u00e9s, \u00e0 titre d&rsquo;exemple, mais sans s&rsquo;y limiter, dans les forums, chats, g\u00e9n\u00e9rateurs de blogs, commentaires, r\u00e9seaux sociaux ou tout autre moyen permettant \u00e0 des tiers de publier du contenu de mani\u00e8re ind\u00e9pendante sur la page. site Internet du CONTR\u00d4LEUR. Cependant, et conform\u00e9ment aux dispositions des articles 11 et 16 de la LSSICE, il est mis \u00e0 la disposition de tous les utilisateurs, autorit\u00e9s et forces de s\u00e9curit\u00e9, collaborant activement au retrait ou, le cas \u00e9ch\u00e9ant, au blocage de tous les contenus susceptibles d&rsquo;affecter ou de contrevenir. la l\u00e9gislation nationale ou internationale, les droits des tiers ou encore les bonnes m\u0153urs et l&rsquo;ordre public.<\/p>\n<p>Si l&rsquo;utilisateur estime qu&rsquo;il existe un contenu sur le site Web susceptible d&rsquo;\u00eatre soumis \u00e0 cette classification, il est pri\u00e9 d&rsquo;en informer imm\u00e9diatement l&rsquo;administrateur du site Web.<br \/>\nCe site Web a \u00e9t\u00e9 examin\u00e9 et test\u00e9 pour fonctionner correctement. En principe, le bon fonctionnement peut \u00eatre garanti 365 jours par an, 24 heures sur 24. Cependant, le RESPONSABLE n&rsquo;exclut pas la possibilit\u00e9 que certaines erreurs de programmation se produisent, ni que des cas de force majeure, des catastrophes naturelles, des gr\u00e8ves ou des circonstances similaires puissent survenir rendant impossible l&rsquo;acc\u00e8s au site Web.<\/p>\n<p>Adresses IP<br \/>\nLes serveurs du site Web peuvent d\u00e9tecter automatiquement l&rsquo;adresse IP et le nom de domaine utilis\u00e9s par l&rsquo;utilisateur. Une adresse IP est un num\u00e9ro automatiquement attribu\u00e9 \u00e0 un ordinateur lorsqu&rsquo;il se connecte \u00e0 Internet. Toutes ces informations sont enregistr\u00e9es dans un fichier d&rsquo;activit\u00e9 du serveur d\u00fbment enregistr\u00e9 qui permet le traitement ult\u00e9rieur des donn\u00e9es afin d&rsquo;obtenir uniquement des mesures statistiques permettant de conna\u00eetre le nombre d&rsquo;impressions de pages, le nombre de visites effectu\u00e9es sur les serveurs Web, l&rsquo;ordre des visites. , le point d&rsquo;acc\u00e8s, etc.<\/p>\n<p>4. LOI APPLICABLE ET JURIDICTION<\/p>\n<p>La loi applicable en cas de litige ou de conflit d&rsquo;interpr\u00e9tation des termes qui composent les textes juridiques, ainsi que pour toute question li\u00e9e aux services de ce site Web, sera la loi espagnole.<\/p>\n<p>Derni\u00e8re mise \u00e0 jour : 03\/10\/2020<\/p>\n\t\t\t\t\t\t<\/div>\n\t\t\t\t<\/div>\n\t\t\t\t\t<\/div>\n\t\t<\/div>\n\t\t\t\t\t<\/div>\n\t\t<\/section>\n\t\t\t\t<\/div>\n\t\t","protected":false},"excerpt":{"rendered":"<p>LOI SUR LES SERVICES DE LA SOCI\u00c9T\u00c9 DE L&rsquo;INFORMATION (LSSI) GRUPO DEGUSPLUS SL, responsable du site Web, ci-apr\u00e8s RESPONSABLE, met \u00e0 la disposition des utilisateurs<span class=\"excerpt-hellip\"> [\u2026]<\/span><\/p>\n","protected":false},"author":1,"featured_media":0,"parent":0,"menu_order":0,"comment_status":"closed","ping_status":"closed","template":"","meta":{"inline_featured_image":false,"_vp_format_video_url":"","_vp_image_focal_point":[],"footnotes":"","_links_to":"","_links_to_target":""},"class_list":["post-5900","page","type-page","status-publish","hentry"],"yoast_head":"<!-- This site is optimized with the Yoast SEO plugin v27.0 - https:\/\/yoast.com\/product\/yoast-seo-wordpress\/ -->\n<title>Avis juridique - Grupo Degusplus<\/title>\n<meta name=\"robots\" content=\"noindex, nofollow\" \/>\n<meta property=\"og:locale\" content=\"fr_FR\" \/>\n<meta property=\"og:type\" content=\"article\" \/>\n<meta property=\"og:title\" content=\"Avis juridique - Grupo Degusplus\" \/>\n<meta property=\"og:description\" content=\"LOI SUR LES SERVICES DE LA SOCI\u00c9T\u00c9 DE L&rsquo;INFORMATION (LSSI) GRUPO DEGUSPLUS SL, responsable du site Web, ci-apr\u00e8s RESPONSABLE, met \u00e0 la disposition des utilisateurs [\u2026]\" \/>\n<meta property=\"og:url\" content=\"https:\/\/www.grupodegusplus.com\/aviso-legal\/\" \/>\n<meta property=\"og:site_name\" content=\"Grupo Degusplus\" \/>\n<meta property=\"article:modified_time\" content=\"2024-05-29T11:27:05+00:00\" \/>\n<meta name=\"twitter:card\" content=\"summary_large_image\" \/>\n<meta name=\"twitter:label1\" content=\"Dur\u00e9e de lecture estim\u00e9e\" \/>\n\t<meta name=\"twitter:data1\" content=\"6 minutes\" \/>\n<script type=\"application\/ld+json\" class=\"yoast-schema-graph\">{\"@context\":\"https:\/\/schema.org\",\"@graph\":[{\"@type\":\"WebPage\",\"@id\":\"https:\/\/www.grupodegusplus.com\/aviso-legal\/\",\"url\":\"https:\/\/www.grupodegusplus.com\/aviso-legal\/\",\"name\":\"Avis juridique - Grupo Degusplus\",\"isPartOf\":{\"@id\":\"https:\/\/www.grupodegusplus.com\/#website\"},\"datePublished\":\"2022-06-08T14:56:28+00:00\",\"dateModified\":\"2024-05-29T11:27:05+00:00\",\"breadcrumb\":{\"@id\":\"https:\/\/www.grupodegusplus.com\/aviso-legal\/#breadcrumb\"},\"inLanguage\":\"fr-FR\",\"potentialAction\":[{\"@type\":\"ReadAction\",\"target\":[\"https:\/\/www.grupodegusplus.com\/aviso-legal\/\"]}]},{\"@type\":\"BreadcrumbList\",\"@id\":\"https:\/\/www.grupodegusplus.com\/aviso-legal\/#breadcrumb\",\"itemListElement\":[{\"@type\":\"ListItem\",\"position\":1,\"name\":\"Portada\",\"item\":\"https:\/\/www.grupodegusplus.com\/\"},{\"@type\":\"ListItem\",\"position\":2,\"name\":\"Avis juridique\"}]},{\"@type\":\"WebSite\",\"@id\":\"https:\/\/www.grupodegusplus.com\/#website\",\"url\":\"https:\/\/www.grupodegusplus.com\/\",\"name\":\"Grupo Degusplus\",\"description\":\"Grupo de restaurantes\",\"publisher\":{\"@id\":\"https:\/\/www.grupodegusplus.com\/#organization\"},\"potentialAction\":[{\"@type\":\"SearchAction\",\"target\":{\"@type\":\"EntryPoint\",\"urlTemplate\":\"https:\/\/www.grupodegusplus.com\/?s={search_term_string}\"},\"query-input\":{\"@type\":\"PropertyValueSpecification\",\"valueRequired\":true,\"valueName\":\"search_term_string\"}}],\"inLanguage\":\"fr-FR\"},{\"@type\":\"Organization\",\"@id\":\"https:\/\/www.grupodegusplus.com\/#organization\",\"name\":\"Grupo Degusplus Sl\",\"url\":\"https:\/\/www.grupodegusplus.com\/\",\"logo\":{\"@type\":\"ImageObject\",\"inLanguage\":\"fr-FR\",\"@id\":\"https:\/\/www.grupodegusplus.com\/#\/schema\/logo\/image\/\",\"url\":\"https:\/\/www.grupodegusplus.com\/wp-content\/uploads\/2022\/05\/LOGO_EST_1994.svg\",\"contentUrl\":\"https:\/\/www.grupodegusplus.com\/wp-content\/uploads\/2022\/05\/LOGO_EST_1994.svg\",\"width\":253,\"height\":102,\"caption\":\"Grupo Degusplus Sl\"},\"image\":{\"@id\":\"https:\/\/www.grupodegusplus.com\/#\/schema\/logo\/image\/\"}}]}<\/script>\n<!-- \/ Yoast SEO plugin. -->","yoast_head_json":{"title":"Avis juridique - Grupo Degusplus","robots":{"index":"noindex","follow":"nofollow"},"og_locale":"fr_FR","og_type":"article","og_title":"Avis juridique - Grupo Degusplus","og_description":"LOI SUR LES SERVICES DE LA SOCI\u00c9T\u00c9 DE L&rsquo;INFORMATION (LSSI) GRUPO DEGUSPLUS SL, responsable du site Web, ci-apr\u00e8s RESPONSABLE, met \u00e0 la disposition des utilisateurs [\u2026]","og_url":"https:\/\/www.grupodegusplus.com\/aviso-legal\/","og_site_name":"Grupo Degusplus","article_modified_time":"2024-05-29T11:27:05+00:00","twitter_card":"summary_large_image","twitter_misc":{"Dur\u00e9e de lecture estim\u00e9e":"6 minutes"},"schema":{"@context":"https:\/\/schema.org","@graph":[{"@type":"WebPage","@id":"https:\/\/www.grupodegusplus.com\/aviso-legal\/","url":"https:\/\/www.grupodegusplus.com\/aviso-legal\/","name":"Avis juridique - Grupo Degusplus","isPartOf":{"@id":"https:\/\/www.grupodegusplus.com\/#website"},"datePublished":"2022-06-08T14:56:28+00:00","dateModified":"2024-05-29T11:27:05+00:00","breadcrumb":{"@id":"https:\/\/www.grupodegusplus.com\/aviso-legal\/#breadcrumb"},"inLanguage":"fr-FR","potentialAction":[{"@type":"ReadAction","target":["https:\/\/www.grupodegusplus.com\/aviso-legal\/"]}]},{"@type":"BreadcrumbList","@id":"https:\/\/www.grupodegusplus.com\/aviso-legal\/#breadcrumb","itemListElement":[{"@type":"ListItem","position":1,"name":"Portada","item":"https:\/\/www.grupodegusplus.com\/"},{"@type":"ListItem","position":2,"name":"Avis juridique"}]},{"@type":"WebSite","@id":"https:\/\/www.grupodegusplus.com\/#website","url":"https:\/\/www.grupodegusplus.com\/","name":"Grupo Degusplus","description":"Grupo de restaurantes","publisher":{"@id":"https:\/\/www.grupodegusplus.com\/#organization"},"potentialAction":[{"@type":"SearchAction","target":{"@type":"EntryPoint","urlTemplate":"https:\/\/www.grupodegusplus.com\/?s={search_term_string}"},"query-input":{"@type":"PropertyValueSpecification","valueRequired":true,"valueName":"search_term_string"}}],"inLanguage":"fr-FR"},{"@type":"Organization","@id":"https:\/\/www.grupodegusplus.com\/#organization","name":"Grupo Degusplus Sl","url":"https:\/\/www.grupodegusplus.com\/","logo":{"@type":"ImageObject","inLanguage":"fr-FR","@id":"https:\/\/www.grupodegusplus.com\/#\/schema\/logo\/image\/","url":"https:\/\/www.grupodegusplus.com\/wp-content\/uploads\/2022\/05\/LOGO_EST_1994.svg","contentUrl":"https:\/\/www.grupodegusplus.com\/wp-content\/uploads\/2022\/05\/LOGO_EST_1994.svg","width":253,"height":102,"caption":"Grupo Degusplus Sl"},"image":{"@id":"https:\/\/www.grupodegusplus.com\/#\/schema\/logo\/image\/"}}]}},"_links":{"self":[{"href":"https:\/\/www.grupodegusplus.com\/fr\/wp-json\/wp\/v2\/pages\/5900","targetHints":{"allow":["GET"]}}],"collection":[{"href":"https:\/\/www.grupodegusplus.com\/fr\/wp-json\/wp\/v2\/pages"}],"about":[{"href":"https:\/\/www.grupodegusplus.com\/fr\/wp-json\/wp\/v2\/types\/page"}],"author":[{"embeddable":true,"href":"https:\/\/www.grupodegusplus.com\/fr\/wp-json\/wp\/v2\/users\/1"}],"replies":[{"embeddable":true,"href":"https:\/\/www.grupodegusplus.com\/fr\/wp-json\/wp\/v2\/comments?post=5900"}],"version-history":[{"count":1,"href":"https:\/\/www.grupodegusplus.com\/fr\/wp-json\/wp\/v2\/pages\/5900\/revisions"}],"predecessor-version":[{"id":5901,"href":"https:\/\/www.grupodegusplus.com\/fr\/wp-json\/wp\/v2\/pages\/5900\/revisions\/5901"}],"wp:attachment":[{"href":"https:\/\/www.grupodegusplus.com\/fr\/wp-json\/wp\/v2\/media?parent=5900"}],"curies":[{"name":"wp","href":"https:\/\/api.w.org\/{rel}","templated":true}]}}