{"id":5902,"date":"2022-06-08T16:56:28","date_gmt":"2022-06-08T14:56:28","guid":{"rendered":"https:\/\/www.grupodegusplus.com\/avviso-legale\/"},"modified":"2024-05-29T13:28:42","modified_gmt":"2024-05-29T11:28:42","slug":"avviso-legale","status":"publish","type":"page","link":"https:\/\/www.grupodegusplus.com\/it\/avviso-legale\/","title":{"rendered":"Avviso legale"},"content":{"rendered":"\t\t<div data-elementor-type=\"wp-page\" data-elementor-id=\"5902\" class=\"elementor elementor-5902 elementor-1598\" data-elementor-post-type=\"page\">\n\t\t\t\t\t\t<section class=\"elementor-section elementor-top-section elementor-element elementor-element-ed4ab6f elementor-section-boxed elementor-section-height-default elementor-section-height-default\" data-id=\"ed4ab6f\" data-element_type=\"section\">\n\t\t\t\t\t\t<div class=\"elementor-container elementor-column-gap-default\">\n\t\t\t\t\t<div class=\"elementor-column elementor-col-100 elementor-top-column elementor-element elementor-element-2a0bfca\" data-id=\"2a0bfca\" data-element_type=\"column\">\n\t\t\t<div class=\"elementor-widget-wrap elementor-element-populated\">\n\t\t\t\t\t\t<div class=\"elementor-element elementor-element-2b15705 elementor-widget elementor-widget-heading\" data-id=\"2b15705\" data-element_type=\"widget\" data-widget_type=\"heading.default\">\n\t\t\t\t<div class=\"elementor-widget-container\">\n\t\t\t<style>\/*! elementor - v3.19.0 - 07-02-2024 *\/\n.elementor-heading-title{padding:0;margin:0;line-height:1}.elementor-widget-heading .elementor-heading-title[class*=elementor-size-]>a{color:inherit;font-size:inherit;line-height:inherit}.elementor-widget-heading .elementor-heading-title.elementor-size-small{font-size:15px}.elementor-widget-heading .elementor-heading-title.elementor-size-medium{font-size:19px}.elementor-widget-heading .elementor-heading-title.elementor-size-large{font-size:29px}.elementor-widget-heading .elementor-heading-title.elementor-size-xl{font-size:39px}.elementor-widget-heading .elementor-heading-title.elementor-size-xxl{font-size:59px}<\/style><h2 class=\"elementor-heading-title elementor-size-default\">LEGGE SUI SERVIZI DELLA SOCIET\u00c0 DELL'INFORMAZIONE (LSSI)<\/h2>\t\t<\/div>\n\t\t\t\t<\/div>\n\t\t\t\t\t<\/div>\n\t\t<\/div>\n\t\t\t\t\t<\/div>\n\t\t<\/section>\n\t\t\t\t<section class=\"elementor-section elementor-top-section elementor-element elementor-element-ed47ef7 elementor-section-boxed elementor-section-height-default elementor-section-height-default\" data-id=\"ed47ef7\" data-element_type=\"section\">\n\t\t\t\t\t\t<div class=\"elementor-container elementor-column-gap-default\">\n\t\t\t\t\t<div class=\"elementor-column elementor-col-100 elementor-top-column elementor-element elementor-element-0c9a308\" data-id=\"0c9a308\" data-element_type=\"column\">\n\t\t\t<div class=\"elementor-widget-wrap elementor-element-populated\">\n\t\t\t\t\t\t<div class=\"elementor-element elementor-element-d4b05a8 elementor-widget elementor-widget-text-editor\" data-id=\"d4b05a8\" data-element_type=\"widget\" data-widget_type=\"text-editor.default\">\n\t\t\t\t<div class=\"elementor-widget-container\">\n\t\t\t<style>\/*! elementor - v3.19.0 - 07-02-2024 *\/\n.elementor-widget-text-editor.elementor-drop-cap-view-stacked .elementor-drop-cap{background-color:#69727d;color:#fff}.elementor-widget-text-editor.elementor-drop-cap-view-framed .elementor-drop-cap{color:#69727d;border:3px solid;background-color:transparent}.elementor-widget-text-editor:not(.elementor-drop-cap-view-default) .elementor-drop-cap{margin-top:8px}.elementor-widget-text-editor:not(.elementor-drop-cap-view-default) .elementor-drop-cap-letter{width:1em;height:1em}.elementor-widget-text-editor .elementor-drop-cap{float:left;text-align:center;line-height:1;font-size:50px}.elementor-widget-text-editor .elementor-drop-cap-letter{display:inline-block}<\/style>\t\t\t\t<p>GRUPO DEGUSPLUS SL, responsabile del sito web, di seguito RESPONSABILE, mette a disposizione degli utenti il \u200b\u200bpresente documento, con il quale intende ottemperare agli obblighi previsti dalla Legge 34\/2002, dell&#8217;11 luglio, sui servizi aziendali di informazione e commercio elettronico (LSSICE ), BOE n. 166, nonch\u00e9 informare tutti gli utenti del sito web circa le condizioni di utilizzo.<\/p>\n<p>Chiunque acceda a questo sito web assume il ruolo di utente, impegnandosi alla rigorosa osservanza e al rispetto delle disposizioni qui stabilite, nonch\u00e9 di qualsiasi altra disposizione legale eventualmente applicabile. GRUPO DEGUSPLUS SL si riserva il diritto di modificare qualsiasi tipo di informazione che possa apparire sul sito web, senza alcun obbligo di notificare o informare gli utenti di tali obblighi, essendo intesa come sufficiente la pubblicazione sul sito web di GRUPO DEGUSPLUS SL.<\/p>\n<p>1. DATI IDENTIFICATIVI<\/p>\n<p>Nome di dominio: degusplus.com<br \/>\nDenominazione commerciale: gruppo degusplus<br \/>\nNome dell&#8217;azienda: DEGUSPLUS SL<br \/>\nNIF: B64649262<br \/>\nSede legale: Pz Real, 13 08002 Barcellona<br \/>\nTelefono: 934813975<br \/>\ne-mail: rgpd@grupodegusplus.com<br \/>\nRegistrato nel Registro (Commerciale\/Pubblico): Barcelona, \u200b\u200b\u200b\u200bVolume: 36925 Folio: 103 Pagina: B291900<\/p>\n<p>2. DIRITTI DI PROPRIET\u00c0 INTELLETTUALE E INDUSTRIALE<\/p>\n<p>Il sito web, inclusi ma non limitati alla sua programmazione, modifica, compilazione e altri elementi necessari per il suo funzionamento, i disegni, i loghi, i testi e\/o la grafica, sono di propriet\u00e0 del TITOLARE o, se applicabile, dispone di licenza o autorizzazione espressa da parte di gli autori. Tutti i contenuti del sito web sono debitamente protetti dalle norme sulla propriet\u00e0 intellettuale e industriale, nonch\u00e9 registrati nei corrispondenti registri pubblici.<\/p>\n<p>Indipendentemente dallo scopo per cui sono destinati, la riproduzione, l&#8217;uso, lo sfruttamento, la distribuzione e la commercializzazione, totali o parziali, richiedono in ogni caso la previa autorizzazione scritta del TITOLARE. Qualsiasi utilizzo non preventivamente autorizzato \u00e8 considerato una grave violazione dei diritti di propriet\u00e0 intellettuale o industriale dell&#8217;autore.<\/p>\n<p>I disegni, i loghi, i testi e\/o la grafica diversi dal TITOLARE ed eventualmente presenti sul sito appartengono ai rispettivi proprietari, e questi ultimi sono responsabili di ogni eventuale controversia che possa sorgere al riguardo. Il TITOLARE autorizza espressamente terzi a reindirizzare direttamente ai contenuti specifici del sito web, e in ogni caso reindirizzare al sito principale Grupodegusplus.com.<\/p>\n<p>Il TITOLARE riconosce i corrispondenti diritti di propriet\u00e0 intellettuale e industriale a favore dei rispettivi titolari, e la loro semplice menzione o comparsa sul sito non implica l&#8217;esistenza di alcun diritto o responsabilit\u00e0 sugli stessi, n\u00e9 implica approvazione, sponsorizzazione o raccomandazione da parte degli stessi. .<\/p>\n<p>Per effettuare qualsiasi tipo di osservazione riguardante possibili violazioni dei diritti di propriet\u00e0 intellettuale o industriale, nonch\u00e9 di qualsiasi contenuto del sito Web, \u00e8 possibile farlo inviando un&#8217;e-mail a rgpd@grupodegusplus.com.<\/p>\n<p>3. ESCLUSIONE DI RESPONSABILIT\u00c0<\/p>\n<p>Il TITOLARE \u00e8 esente da qualsiasi tipo di responsabilit\u00e0 derivante dalle informazioni pubblicate sul proprio sito web qualora tali informazioni siano state manipolate o introdotte da terzi estranei ad esso.<\/p>\n<p>Utilizzo dei cookie<\/p>\n<p>Questo sito web pu\u00f2 utilizzare cookie tecnici (piccoli file di informazioni che il server invia al computer di chi accede alla pagina) per svolgere alcune funzioni considerate essenziali per il corretto funzionamento e visualizzazione del sito. I cookie utilizzati hanno, in ogni caso, natura temporanea, al solo scopo di rendere pi\u00f9 efficiente la navigazione, e svaniscono al termine della sessione dell&#8217;utente. In nessun caso questi cookie forniscono di per s\u00e9 dati personali e non verranno utilizzati per raccoglierli.<\/p>\n<p>Attraverso l&#8217;uso dei cookie \u00e8 inoltre possibile che il server su cui si trova il sito web riconosca il browser utilizzato dall&#8217;utente in modo da facilitare la navigazione, consentendo, ad esempio, l&#8217;accesso da parte degli utenti che si sono precedentemente registrati alle aree, ai servizi , promozioni o concorsi riservati esclusivamente a loro senza doversi registrare ad ogni visita. Possono anche essere utilizzati per misurare l&#8217;audience, i parametri del traffico, controllare l&#8217;avanzamento e il numero di ingressi, ecc., in questi casi i cookie sono tecnicamente superflui ma vantaggiosi per l&#8217;utente. Questo sito web non installer\u00e0 cookie superflui senza il preventivo consenso dell&#8217;utente.<\/p>\n<p>L&#8217;utente ha la possibilit\u00e0 di configurare il proprio browser per essere avvisato quando vengono ricevuti dei cookie e per impedirne l&#8217;installazione sul proprio computer.<\/p>\n<p>Ti invitiamo a consultare le istruzioni del tuo browser per ulteriori informazioni.<\/p>\n<p>Politica di collegamento<\/p>\n<p>Dal sito Web potresti essere reindirizzato a contenuti su siti Web di terzi. Poich\u00e9 il TITOLARE non pu\u00f2 sempre controllare i contenuti introdotti da terzi sui rispettivi siti, non assume alcun tipo di responsabilit\u00e0 in merito a tali contenuti. In ogni caso, proceder\u00e0 al ritiro immediato di qualsiasi contenuto che possa contravvenire alla legislazione nazionale o internazionale, alla moralit\u00e0 o all&#8217;ordine pubblico, procedendo al ritiro immediato del reindirizzamento a detto sito web, portando il contenuto all&#8217;attenzione delle autorit\u00e0 competenti. in questione.<\/p>\n<p>Il TITOLARE non \u00e8 responsabile delle informazioni e dei contenuti archiviati, a titolo esemplificativo, ma non esaustivo, in forum, chat, generatori di blog, commenti, social network o qualsiasi altro mezzo che consenta a terzi di pubblicare contenuti in modo indipendente sulla pagina. sito web del TITOLARE. Tuttavia, e in conformit\u00e0 con le disposizioni degli articoli 11 e 16 della LSSICE, \u00e8 messo a disposizione di tutti gli utenti, autorit\u00e0 e forze di sicurezza, collaborando attivamente al ritiro o, se del caso, al blocco di tutti quei contenuti che potrebbero influenzare o contravvenire legislazione nazionale o internazionale, diritti di terzi o moralit\u00e0 e ordine pubblico.<\/p>\n<p>Se l&#8217;utente ritiene che sul sito web siano presenti contenuti che potrebbero essere suscettibili di questa classificazione, \u00e8 pregato di avvisare immediatamente l&#8217;amministratore del sito web.<br \/>\nQuesto sito web \u00e8 stato rivisto e testato per funzionare correttamente. In linea di principio \u00e8 possibile garantire il corretto funzionamento 365 giorni all&#8217;anno, 24 ore su 24. Tuttavia, il TITOLARE non esclude la possibilit\u00e0 che vi possano essere alcuni errori di programmazione, o che si possano verificare cause di forza maggiore, catastrofi naturali, scioperi o circostanze simili che rendano impossibile l&#8217;accesso al sito web.<\/p>\n<p>Indirizzi IP<br \/>\nI server del sito web potrebbero rilevare automaticamente l&#8217;indirizzo IP e il nome di dominio utilizzati dall&#8217;utente. Un indirizzo IP \u00e8 un numero assegnato automaticamente a un computer quando si connette a Internet. Tutte queste informazioni sono registrate in un file di attivit\u00e0 del server debitamente registrato che consente la successiva elaborazione dei dati al fine di ottenere solo misurazioni statistiche che consentono di conoscere il numero di impressioni della pagina, il numero di visite effettuate ai server web, l&#8217;ordine delle visite , il punto di accesso, ecc.<\/p>\n<p>4. LEGGE APPLICABILE E GIURISDIZIONE<\/p>\n<p>La legge applicabile in caso di controversia o conflitto di interpretazione dei termini che compongono i testi legali, cos\u00ec come qualsiasi questione relativa ai servizi di questo sito web, sar\u00e0 la legge spagnola.<\/p>\n<p>Ultimo aggiornamento: 03\/10\/2020<\/p>\n\t\t\t\t\t\t<\/div>\n\t\t\t\t<\/div>\n\t\t\t\t\t<\/div>\n\t\t<\/div>\n\t\t\t\t\t<\/div>\n\t\t<\/section>\n\t\t\t\t<\/div>\n\t\t","protected":false},"excerpt":{"rendered":"<p>LEGGE SUI SERVIZI DELLA SOCIET\u00c0 DELL&#8217;INFORMAZIONE (LSSI) GRUPO DEGUSPLUS SL, responsabile del sito web, di seguito RESPONSABILE, mette a disposizione degli utenti il \u200b\u200bpresente documento,<span class=\"excerpt-hellip\"> [\u2026]<\/span><\/p>\n","protected":false},"author":1,"featured_media":0,"parent":0,"menu_order":0,"comment_status":"closed","ping_status":"closed","template":"","meta":{"inline_featured_image":false,"_vp_format_video_url":"","_vp_image_focal_point":[],"footnotes":"","_links_to":"","_links_to_target":""},"class_list":["post-5902","page","type-page","status-publish","hentry"],"yoast_head":"<!-- This site is optimized with the Yoast SEO plugin v27.0 - https:\/\/yoast.com\/product\/yoast-seo-wordpress\/ -->\n<title>Avviso legale - Grupo Degusplus<\/title>\n<meta name=\"robots\" content=\"noindex, nofollow\" \/>\n<meta property=\"og:locale\" content=\"it_IT\" \/>\n<meta property=\"og:type\" content=\"article\" \/>\n<meta property=\"og:title\" content=\"Avviso legale - Grupo Degusplus\" \/>\n<meta property=\"og:description\" content=\"LEGGE SUI SERVIZI DELLA SOCIET\u00c0 DELL&#8217;INFORMAZIONE (LSSI) GRUPO DEGUSPLUS SL, responsabile del sito web, di seguito RESPONSABILE, mette a disposizione degli utenti il \u200b\u200bpresente documento, [\u2026]\" \/>\n<meta property=\"og:url\" content=\"https:\/\/www.grupodegusplus.com\/aviso-legal\/\" \/>\n<meta property=\"og:site_name\" content=\"Grupo Degusplus\" \/>\n<meta property=\"article:modified_time\" content=\"2024-05-29T11:28:42+00:00\" \/>\n<meta name=\"twitter:card\" content=\"summary_large_image\" \/>\n<meta name=\"twitter:label1\" content=\"Tempo di lettura stimato\" \/>\n\t<meta name=\"twitter:data1\" content=\"5 minuti\" \/>\n<script type=\"application\/ld+json\" class=\"yoast-schema-graph\">{\"@context\":\"https:\/\/schema.org\",\"@graph\":[{\"@type\":\"WebPage\",\"@id\":\"https:\/\/www.grupodegusplus.com\/aviso-legal\/\",\"url\":\"https:\/\/www.grupodegusplus.com\/aviso-legal\/\",\"name\":\"Avviso legale - Grupo Degusplus\",\"isPartOf\":{\"@id\":\"https:\/\/www.grupodegusplus.com\/#website\"},\"datePublished\":\"2022-06-08T14:56:28+00:00\",\"dateModified\":\"2024-05-29T11:28:42+00:00\",\"breadcrumb\":{\"@id\":\"https:\/\/www.grupodegusplus.com\/aviso-legal\/#breadcrumb\"},\"inLanguage\":\"it-IT\",\"potentialAction\":[{\"@type\":\"ReadAction\",\"target\":[\"https:\/\/www.grupodegusplus.com\/aviso-legal\/\"]}]},{\"@type\":\"BreadcrumbList\",\"@id\":\"https:\/\/www.grupodegusplus.com\/aviso-legal\/#breadcrumb\",\"itemListElement\":[{\"@type\":\"ListItem\",\"position\":1,\"name\":\"Portada\",\"item\":\"https:\/\/www.grupodegusplus.com\/\"},{\"@type\":\"ListItem\",\"position\":2,\"name\":\"Avviso legale\"}]},{\"@type\":\"WebSite\",\"@id\":\"https:\/\/www.grupodegusplus.com\/#website\",\"url\":\"https:\/\/www.grupodegusplus.com\/\",\"name\":\"Grupo Degusplus\",\"description\":\"Grupo de restaurantes\",\"publisher\":{\"@id\":\"https:\/\/www.grupodegusplus.com\/#organization\"},\"potentialAction\":[{\"@type\":\"SearchAction\",\"target\":{\"@type\":\"EntryPoint\",\"urlTemplate\":\"https:\/\/www.grupodegusplus.com\/?s={search_term_string}\"},\"query-input\":{\"@type\":\"PropertyValueSpecification\",\"valueRequired\":true,\"valueName\":\"search_term_string\"}}],\"inLanguage\":\"it-IT\"},{\"@type\":\"Organization\",\"@id\":\"https:\/\/www.grupodegusplus.com\/#organization\",\"name\":\"Grupo Degusplus Sl\",\"url\":\"https:\/\/www.grupodegusplus.com\/\",\"logo\":{\"@type\":\"ImageObject\",\"inLanguage\":\"it-IT\",\"@id\":\"https:\/\/www.grupodegusplus.com\/#\/schema\/logo\/image\/\",\"url\":\"https:\/\/www.grupodegusplus.com\/wp-content\/uploads\/2022\/05\/LOGO_EST_1994.svg\",\"contentUrl\":\"https:\/\/www.grupodegusplus.com\/wp-content\/uploads\/2022\/05\/LOGO_EST_1994.svg\",\"width\":253,\"height\":102,\"caption\":\"Grupo Degusplus Sl\"},\"image\":{\"@id\":\"https:\/\/www.grupodegusplus.com\/#\/schema\/logo\/image\/\"}}]}<\/script>\n<!-- \/ Yoast SEO plugin. -->","yoast_head_json":{"title":"Avviso legale - Grupo Degusplus","robots":{"index":"noindex","follow":"nofollow"},"og_locale":"it_IT","og_type":"article","og_title":"Avviso legale - Grupo Degusplus","og_description":"LEGGE SUI SERVIZI DELLA SOCIET\u00c0 DELL&#8217;INFORMAZIONE (LSSI) GRUPO DEGUSPLUS SL, responsabile del sito web, di seguito RESPONSABILE, mette a disposizione degli utenti il \u200b\u200bpresente documento, [\u2026]","og_url":"https:\/\/www.grupodegusplus.com\/aviso-legal\/","og_site_name":"Grupo Degusplus","article_modified_time":"2024-05-29T11:28:42+00:00","twitter_card":"summary_large_image","twitter_misc":{"Tempo di lettura stimato":"5 minuti"},"schema":{"@context":"https:\/\/schema.org","@graph":[{"@type":"WebPage","@id":"https:\/\/www.grupodegusplus.com\/aviso-legal\/","url":"https:\/\/www.grupodegusplus.com\/aviso-legal\/","name":"Avviso legale - Grupo Degusplus","isPartOf":{"@id":"https:\/\/www.grupodegusplus.com\/#website"},"datePublished":"2022-06-08T14:56:28+00:00","dateModified":"2024-05-29T11:28:42+00:00","breadcrumb":{"@id":"https:\/\/www.grupodegusplus.com\/aviso-legal\/#breadcrumb"},"inLanguage":"it-IT","potentialAction":[{"@type":"ReadAction","target":["https:\/\/www.grupodegusplus.com\/aviso-legal\/"]}]},{"@type":"BreadcrumbList","@id":"https:\/\/www.grupodegusplus.com\/aviso-legal\/#breadcrumb","itemListElement":[{"@type":"ListItem","position":1,"name":"Portada","item":"https:\/\/www.grupodegusplus.com\/"},{"@type":"ListItem","position":2,"name":"Avviso legale"}]},{"@type":"WebSite","@id":"https:\/\/www.grupodegusplus.com\/#website","url":"https:\/\/www.grupodegusplus.com\/","name":"Grupo Degusplus","description":"Grupo de restaurantes","publisher":{"@id":"https:\/\/www.grupodegusplus.com\/#organization"},"potentialAction":[{"@type":"SearchAction","target":{"@type":"EntryPoint","urlTemplate":"https:\/\/www.grupodegusplus.com\/?s={search_term_string}"},"query-input":{"@type":"PropertyValueSpecification","valueRequired":true,"valueName":"search_term_string"}}],"inLanguage":"it-IT"},{"@type":"Organization","@id":"https:\/\/www.grupodegusplus.com\/#organization","name":"Grupo Degusplus Sl","url":"https:\/\/www.grupodegusplus.com\/","logo":{"@type":"ImageObject","inLanguage":"it-IT","@id":"https:\/\/www.grupodegusplus.com\/#\/schema\/logo\/image\/","url":"https:\/\/www.grupodegusplus.com\/wp-content\/uploads\/2022\/05\/LOGO_EST_1994.svg","contentUrl":"https:\/\/www.grupodegusplus.com\/wp-content\/uploads\/2022\/05\/LOGO_EST_1994.svg","width":253,"height":102,"caption":"Grupo Degusplus Sl"},"image":{"@id":"https:\/\/www.grupodegusplus.com\/#\/schema\/logo\/image\/"}}]}},"_links":{"self":[{"href":"https:\/\/www.grupodegusplus.com\/it\/wp-json\/wp\/v2\/pages\/5902","targetHints":{"allow":["GET"]}}],"collection":[{"href":"https:\/\/www.grupodegusplus.com\/it\/wp-json\/wp\/v2\/pages"}],"about":[{"href":"https:\/\/www.grupodegusplus.com\/it\/wp-json\/wp\/v2\/types\/page"}],"author":[{"embeddable":true,"href":"https:\/\/www.grupodegusplus.com\/it\/wp-json\/wp\/v2\/users\/1"}],"replies":[{"embeddable":true,"href":"https:\/\/www.grupodegusplus.com\/it\/wp-json\/wp\/v2\/comments?post=5902"}],"version-history":[{"count":1,"href":"https:\/\/www.grupodegusplus.com\/it\/wp-json\/wp\/v2\/pages\/5902\/revisions"}],"predecessor-version":[{"id":5903,"href":"https:\/\/www.grupodegusplus.com\/it\/wp-json\/wp\/v2\/pages\/5902\/revisions\/5903"}],"wp:attachment":[{"href":"https:\/\/www.grupodegusplus.com\/it\/wp-json\/wp\/v2\/media?parent=5902"}],"curies":[{"name":"wp","href":"https:\/\/api.w.org\/{rel}","templated":true}]}}